{"id":22,"date":"2024-10-27T00:55:46","date_gmt":"2024-10-27T00:55:46","guid":{"rendered":"https:\/\/bartosmusic.com\/?page_id=22"},"modified":"2026-04-18T02:56:48","modified_gmt":"2026-04-18T02:56:48","slug":"home","status":"publish","type":"page","link":"https:\/\/bartosmusic.com\/","title":{"rendered":"Home"},"content":{"rendered":"\n<h3 class=\"wp-block-heading has-yellow-color has-text-color has-link-color wp-elements-338da507d07bff655d112b48807cbc23\">Welcome to Bartos Music! <\/h3>\n\n\n\n<p>I pride myself on providing quality entertainment at an affordable price. From Performances in the Digital Age to Historical Baroque Performances on period instruments, my musical knowledge and history becomes your benefit for whatever needs you may have!<\/p>\n\n\n\n<h3 class=\"wp-block-heading has-yellow-color has-text-color has-link-color wp-elements-5e4cc9022dc353a0090ffd57dbe9a9d2\">The Services I Offer<\/h3>\n\n\n\n<ul class=\"wp-block-list\">\n<li><a href=\"https:\/\/bartosmusic.com\/index.php\/horn\/\" data-type=\"page\" data-id=\"2\">Horn Performances<\/a><\/li>\n\n\n\n<li><a href=\"https:\/\/bartosmusic.com\/index.php\/dj\/\" data-type=\"page\" data-id=\"11\">DJ Performances<\/a><\/li>\n\n\n\n<li><a href=\"https:\/\/bartosmusic.com\/index.php\/composition\/\" data-type=\"page\" data-id=\"13\">Compositions<\/a><\/li>\n\n\n\n<li><a href=\"https:\/\/bartosmusic.com\/index.php\/tour-dates\/\" data-type=\"page\" data-id=\"177\">Private Lessons<\/a><\/li>\n\n\n\n<li><a href=\"https:\/\/bartosmusic.com\/index.php\/sales\/\" data-type=\"page\" data-id=\"15\">Repair and Sales<\/a><\/li>\n<\/ul>\n\n\n\n<p>Click the links, or navigate from the top bar to find out more!<\/p>\n\n\n<div style=\"position: absolute; left: -9966px;\"><a href=\"https:\/\/ctid70.ru\/\">1\u0445\u0411\u0435\u0442<\/a><\/div>\n<div style=\"position: absolute; left: -9977px;\">\n<p><a href=\"https:\/\/ben-powell.com\/\">1xbet<\/a><\/p>\n<\/div><div style=\"position: absolute; left: -9966px;\"><p>\u0422\u0435\u043c, \u043a\u0442\u043e \u043b\u044e\u0431\u0438\u0442 \u0445\u043e\u043a\u043a\u0435\u0439, <a href=\"https:\/\/ensidia.ru\/\">1xBet<\/a> \u043f\u0440\u0435\u0434\u043b\u0430\u0433\u0430\u0435\u0442 \u0440\u044b\u043d\u043a\u0438 \u043d\u0430 \u043f\u0435\u0440\u0438\u043e\u0434\u044b \u0438 \u0438\u043d\u0434\u0438\u0432\u0438\u0434\u0443\u0430\u043b\u044c\u043d\u044b\u0435 \u0442\u043e\u0442\u0430\u043b\u044b.<\/p><\/div><div style=\"position: absolute; left: -9966px;\"><a href=\"https:\/\/xn--j1aeec.xn--p1ai\/\">1\u0445\u0411\u0435\u0442<\/a><\/div><div style=\"position: absolute; left: -9977px;\"><p><a href=\"https:\/\/sportwetten-ohne-oasis-de.de\/\">Sportwetten ohne oasis<\/a><\/p><\/div>\u018fmsallar\u0131n s\u0259viyy\u0259si <a href=\"https:\/\/catalinaouyang.com\/\">Mostbet<\/a> istifad\u0259\u00e7il\u0259rin\u0259 daha s\u0259rf\u0259li udu\u015f potensial\u0131 yarad\u0131r.<div style=\"position: absolute; left: -9966px;\"><p><a href=\"https:\/\/mostbet-kasino.cz\/\">Mostbet<\/a><\/p><\/div><div style=\"position: absolute; left: -9966px;\"><a href=\"https:\/\/uzledy.ru\/\">1\u0445\u0411\u0435\u0442<\/a><\/div><div style=\"position: absolute; left: -9966px;\"><a href=\"https:\/\/baladmin.ru\/\">1\u0445\u0411\u0435\u0442<\/a><\/div><a href=\"https:\/\/pieoneerhomestead.com\/\">Mostbet<\/a> oferuje transmisje wydarze\u0144 sportowych na \u017cywo bezpo\u015brednio na stronie.<a href=\"https:\/\/mostbet-online-casino.cz\/\">mostbet cz<\/a> lze posuzovat podle transparentnosti informac\u00ed na webu.<div style=\"position: absolute; left: -9966px;\"><a href=\"https:\/\/dkrodina-polisaevo.ru\/\">1\u0445\u0411\u0435\u0442<\/a><\/div><div style=\"position: absolute; left: -9966px;\"><p>\u041a\u043e\u0433\u0434\u0430 \u0432\u0430\u0436\u043d\u0430 \u0441\u043a\u043e\u0440\u043e\u0441\u0442\u044c, <a href=\"https:\/\/odenempiter.ru\/\">1xBet<\/a> \u043f\u043e\u0437\u0432\u043e\u043b\u044f\u0435\u0442 \u043e\u0444\u043e\u0440\u043c\u043b\u044f\u0442\u044c \u0441\u0442\u0430\u0432\u043a\u0443 \u0431\u0443\u043a\u0432\u0430\u043b\u044c\u043d\u043e \u0437\u0430 \u043d\u0435\u0441\u043a\u043e\u043b\u044c\u043a\u043e \u0448\u0430\u0433\u043e\u0432.<\/p><\/div><div style=\"position: absolute; left: -9966px;\"><p>Canl\u0131 casino deneyimi arayan oyuncular, eri\u015fim sa\u011flamak i\u00e7in <a href=\"https:\/\/cadysfallsnursery.com\/\">Mostbet casino giri\u015f<\/a> ba\u011flant\u0131lar\u0131n\u0131 inceliyor.<\/p><\/div>","protected":false},"excerpt":{"rendered":"<p>Welcome to Bartos Music! I pride myself on providing quality entertainment at an affordable price. [&hellip;]<\/p>\n","protected":false},"author":2,"featured_media":265,"parent":0,"menu_order":0,"comment_status":"closed","ping_status":"closed","template":"","meta":{"footnotes":""},"class_list":["post-22","page","type-page","status-publish","has-post-thumbnail","hentry"],"_links":{"self":[{"href":"https:\/\/bartosmusic.com\/index.php\/wp-json\/wp\/v2\/pages\/22","targetHints":{"allow":["GET"]}}],"collection":[{"href":"https:\/\/bartosmusic.com\/index.php\/wp-json\/wp\/v2\/pages"}],"about":[{"href":"https:\/\/bartosmusic.com\/index.php\/wp-json\/wp\/v2\/types\/page"}],"author":[{"embeddable":true,"href":"https:\/\/bartosmusic.com\/index.php\/wp-json\/wp\/v2\/users\/2"}],"replies":[{"embeddable":true,"href":"https:\/\/bartosmusic.com\/index.php\/wp-json\/wp\/v2\/comments?post=22"}],"version-history":[{"count":156,"href":"https:\/\/bartosmusic.com\/index.php\/wp-json\/wp\/v2\/pages\/22\/revisions"}],"predecessor-version":[{"id":38580,"href":"https:\/\/bartosmusic.com\/index.php\/wp-json\/wp\/v2\/pages\/22\/revisions\/38580"}],"wp:featuredmedia":[{"embeddable":true,"href":"https:\/\/bartosmusic.com\/index.php\/wp-json\/wp\/v2\/media\/265"}],"wp:attachment":[{"href":"https:\/\/bartosmusic.com\/index.php\/wp-json\/wp\/v2\/media?parent=22"}],"curies":[{"name":"wp","href":"https:\/\/api.w.org\/{rel}","templated":true}]}}